{"id":3520,"date":"2020-10-29T22:34:28","date_gmt":"2020-10-30T01:34:28","guid":{"rendered":"https:\/\/giancarvalho.art.br\/asmitologias\/?post_type=product&#038;p=3520"},"modified":"2025-11-19T13:56:07","modified_gmt":"2025-11-19T16:56:07","slug":"as-mitologias-roubadas-os-12-trabalhos","status":"publish","type":"product","link":"https:\/\/giancarvalho.art.br\/asmitologias\/loja\/as-mitologias-roubadas-os-12-trabalhos\/","title":{"rendered":"As Mitologias Roubadas &#8211; Os 12 Trabalhos"},"content":{"rendered":"<p style=\"text-align: justify;\">Uma s\u00e9rie de terr\u00edveis eventos, iniciada com o desaparecimento de livros sobre mitologia, coloca dois amigos no meio de uma corrida contra o tempo, e com uma miss\u00e3o decifrar estranhos enigmas inseridos nos monumentos e locais mais conhecidos de Nova Porto Alegre. Em cada um deles, para que possam prosseguir, ter\u00e3o que enfrentar as violentas recria\u00e7\u00f5es dos famosos 12 Trabalhos de H\u00e9rcules. No seu encal\u00e7o, de um lado, um homem misterioso, oculto atr\u00e1s de uma m\u00e1scara espelhada. De outro, um Inspetor e sua equipe, que acompanham o rastro de destrui\u00e7\u00e3o pela cidade em busca de pistas e respostas cada vez mais dif\u00edceis. Os enigmas mitol\u00f3gicos foram lan\u00e7ados. As tarefas t\u00eam que ser executadas. E o desfecho poder\u00e1 ser ainda mais terr\u00edvel e surpreendente do que eles poderiam imaginar.<\/p>\n","protected":false},"excerpt":{"rendered":"<ul id=\"info-specs\" class=\"in dropdown-info-prod card card-body card-info tabela-especificacoes\">\n<li id=\"Autor\"><em>Autor GIANCARLO C. BORGES<\/em><\/li>\n<li id=\"Editora\"><em>Editora\u00a0 LITERALIS EDITORA<\/em><\/li>\n<li id=\"ISBN\"><em>ISBN 8588709384<\/em><\/li>\n<li id=\"Ano\"><em>Ano 2007<\/em><\/li>\n<li id=\"P\u00e1ginas\"><em>P\u00e1ginas 360<\/em><\/li>\n<\/ul>\n","protected":false},"featured_media":3193,"template":"","meta":{"site-sidebar-layout":"default","site-content-layout":"default","ast-site-content-layout":"default","site-content-style":"default","site-sidebar-style":"default","ast-global-header-display":"","ast-banner-title-visibility":"","ast-main-header-display":"","ast-hfb-above-header-display":"","ast-hfb-below-header-display":"","ast-hfb-mobile-header-display":"","site-post-title":"","ast-breadcrumbs-content":"","ast-featured-img":"","footer-sml-layout":"","theme-transparent-header-meta":"default","adv-header-id-meta":"","stick-header-meta":"default","header-above-stick-meta":"","header-main-stick-meta":"","header-below-stick-meta":"","astra-migrate-meta-layouts":"set","ast-page-background-enabled":"default","ast-page-background-meta":{"desktop":{"background-color":"","background-image":"","background-repeat":"repeat","background-position":"center center","background-size":"auto","background-attachment":"scroll","background-type":"","background-media":"","overlay-type":"","overlay-color":"","overlay-opacity":"","overlay-gradient":""},"tablet":{"background-color":"","background-image":"","background-repeat":"repeat","background-position":"center center","background-size":"auto","background-attachment":"scroll","background-type":"","background-media":"","overlay-type":"","overlay-color":"","overlay-opacity":"","overlay-gradient":""},"mobile":{"background-color":"","background-image":"","background-repeat":"repeat","background-position":"center center","background-size":"auto","background-attachment":"scroll","background-type":"","background-media":"","overlay-type":"","overlay-color":"","overlay-opacity":"","overlay-gradient":""}},"ast-content-background-meta":{"desktop":{"background-color":"var(--ast-global-color-5)","background-image":"","background-repeat":"repeat","background-position":"center center","background-size":"auto","background-attachment":"scroll","background-type":"","background-media":"","overlay-type":"","overlay-color":"","overlay-opacity":"","overlay-gradient":""},"tablet":{"background-color":"var(--ast-global-color-5)","background-image":"","background-repeat":"repeat","background-position":"center center","background-size":"auto","background-attachment":"scroll","background-type":"","background-media":"","overlay-type":"","overlay-color":"","overlay-opacity":"","overlay-gradient":""},"mobile":{"background-color":"var(--ast-global-color-5)","background-image":"","background-repeat":"repeat","background-position":"center center","background-size":"auto","background-attachment":"scroll","background-type":"","background-media":"","overlay-type":"","overlay-color":"","overlay-opacity":"","overlay-gradient":""}}},"product_brand":[],"product_cat":[72],"product_tag":[],"class_list":{"0":"post-3520","1":"product","2":"type-product","3":"status-publish","4":"has-post-thumbnail","6":"product_cat-livro","7":"desktop-align-left","8":"tablet-align-left","9":"mobile-align-left","10":"ast-product-gallery-layout-horizontal-slider","11":"ast-product-tabs-layout-horizontal","13":"first","14":"instock","15":"purchasable","16":"product-type-simple"},"_links":{"self":[{"href":"https:\/\/giancarvalho.art.br\/asmitologias\/wp-json\/wp\/v2\/product\/3520","targetHints":{"allow":["GET"]}}],"collection":[{"href":"https:\/\/giancarvalho.art.br\/asmitologias\/wp-json\/wp\/v2\/product"}],"about":[{"href":"https:\/\/giancarvalho.art.br\/asmitologias\/wp-json\/wp\/v2\/types\/product"}],"wp:featuredmedia":[{"embeddable":true,"href":"https:\/\/giancarvalho.art.br\/asmitologias\/wp-json\/wp\/v2\/media\/3193"}],"wp:attachment":[{"href":"https:\/\/giancarvalho.art.br\/asmitologias\/wp-json\/wp\/v2\/media?parent=3520"}],"wp:term":[{"taxonomy":"product_brand","embeddable":true,"href":"https:\/\/giancarvalho.art.br\/asmitologias\/wp-json\/wp\/v2\/product_brand?post=3520"},{"taxonomy":"product_cat","embeddable":true,"href":"https:\/\/giancarvalho.art.br\/asmitologias\/wp-json\/wp\/v2\/product_cat?post=3520"},{"taxonomy":"product_tag","embeddable":true,"href":"https:\/\/giancarvalho.art.br\/asmitologias\/wp-json\/wp\/v2\/product_tag?post=3520"}],"curies":[{"name":"wp","href":"https:\/\/api.w.org\/{rel}","templated":true}]}}